{"id":4667,"date":"2025-04-21T15:48:03","date_gmt":"2025-04-21T15:48:03","guid":{"rendered":"https:\/\/galavandekerkove.com\/?page_id=4667"},"modified":"2026-02-18T17:12:00","modified_gmt":"2026-02-18T17:12:00","slug":"mentions-legales-4","status":"publish","type":"page","link":"https:\/\/galavandekerkove.com\/es\/mentions-legales-4\/","title":{"rendered":"Aviso legal"},"content":{"rendered":"<div data-elementor-type=\"wp-page\" data-elementor-id=\"4667\" class=\"elementor elementor-4667\">\n\t\t\t\t<div class=\"elementor-element elementor-element-7c584b6 e-flex e-con-boxed e-con e-parent\" data-id=\"7c584b6\" data-element_type=\"container\">\n\t\t\t\t\t<div class=\"e-con-inner\">\n\t\t<div class=\"elementor-element elementor-element-81014b5 e-con-full e-flex e-con e-child\" data-id=\"81014b5\" data-element_type=\"container\">\n\t\t<div class=\"elementor-element elementor-element-018783a e-con-full e-flex e-con e-child\" data-id=\"018783a\" data-element_type=\"container\">\n\t\t\t\t<div class=\"elementor-element elementor-element-de68a0b elementor-widget elementor-widget-heading\" data-id=\"de68a0b\" data-element_type=\"widget\" data-widget_type=\"heading.default\">\n\t\t\t\t<div class=\"elementor-widget-container\">\n\t\t\t\t\t<h2 class=\"elementor-heading-title elementor-size-default\">Aviso legal<\/h2>\t\t\t\t<\/div>\n\t\t\t\t<\/div>\n\t\t\t\t<\/div>\n\t\t\t\t<\/div>\n\t\t\t\t\t<\/div>\n\t\t\t\t<\/div>\n\t\t<div class=\"elementor-element elementor-element-f37c6cd e-flex e-con-boxed e-con e-parent\" data-id=\"f37c6cd\" data-element_type=\"container\">\n\t\t\t\t\t<div class=\"e-con-inner\">\n\t\t<div class=\"elementor-element elementor-element-644d525 e-con-full e-flex e-con e-child\" data-id=\"644d525\" data-element_type=\"container\">\n\t\t<div class=\"elementor-element elementor-element-98f942b e-con-full e-flex e-con e-child\" data-id=\"98f942b\" data-element_type=\"container\">\n\t\t\t\t<div class=\"elementor-element elementor-element-e9755e3 elementor-widget__width-initial elementor-widget elementor-widget-text-editor\" data-id=\"e9755e3\" data-element_type=\"widget\" data-widget_type=\"text-editor.default\">\n\t\t\t\t<div class=\"elementor-widget-container\">\n\t\t\t\t\t\t\t\t\t<p>Derni\u00e8re mise \u00e0 jour : novembre 2025<\/p><p>Ce site internet est \u00e9dit\u00e9 par Gala Vandekerkove, psychologue clinicienne agr\u00e9\u00e9e par la Commission des Psychologues (Belgique) \u2013 num\u00e9ro d\u2019inscription : 962232170. Statut : ind\u00e9pendante en personne physique. Si\u00e8ge professionnel : Rue G\u00e9n\u00e9ral Tombeur 81 \/ Bo\u00eete 23B \u2013 1040 Etterbeek, Belgique. Num\u00e9ro d\u2019entreprise : 1014.230.020.<\/p><p>La directora de la publicaci\u00f3n es Gala Vandekerkove.<\/p><p>Ce site internet est h\u00e9berg\u00e9 par HOSTINGER, 10 Corporate Drive, Burlington, MA 01803, \u00c9tats-Unis.<br \/>Adresse e-mail : <a href=\"mailto:support@hostinger.com\">support@hostinger.com<\/a><br \/>Site web : <a href=\"https:\/\/www.hostinger.com\/\" target=\"_blank\" rel=\"noopener\">https:\/\/www.hostinger.com<\/a><\/p><p>Pour toute question concernant ce site ou son contenu : <a href=\"mailto:galavandekerkove@hotmail.com\">galavandekerkove@hotmail.com<\/a><\/p><p>Le site et l\u2019ensemble de son contenu (textes, images, graphismes, ic\u00f4nes, logos, marques, sons, vid\u00e9os, savoir-faire, compilations de donn\u00e9es, logiciels) sont la propri\u00e9t\u00e9 de Gala Vandekerkove, ou font l\u2019objet d\u2019une autorisation d\u2019utilisation. Toute reproduction, imitation ou utilisation, totale ou partielle, non express\u00e9ment autoris\u00e9e, est interdite et engage la responsabilit\u00e9 de son auteur. Les contenus sont prot\u00e9g\u00e9s par le droit d\u2019auteur, le droit des marques et les dispositions des trait\u00e9s internationaux ainsi que par les lois nationales en vigueur.<\/p><p>Les informations personnelles collect\u00e9es sur ce site (formulaire de contact, e-mail, etc.) sont utilis\u00e9es uniquement pour r\u00e9pondre aux demandes adress\u00e9es \u00e0 Gala Vandekerkove. Elles ne sont jamais transmises \u00e0 des tiers sans votre consentement. Conform\u00e9ment au R\u00e8glement (UE) 2016\/679 (RGPD), vous disposez d\u2019un droit d\u2019acc\u00e8s, de rectification et de suppression de vos donn\u00e9es personnelles. Pour toute demande, vous pouvez \u00e9crire \u00e0 l\u2019adresse mentionn\u00e9e ci-dessus.<\/p><p>Certains liens peuvent diriger vers d\u2019autres sites internet \u00e0 vis\u00e9e informative. Gala Vandekerkove n\u2019est pas responsable du contenu ou du fonctionnement de ces sites tiers.<\/p><p>Ce site a pour vocation de partager des informations g\u00e9n\u00e9rales sur la pratique psychologique. Il ne remplace en aucun cas une consultation individuelle avec un\u00b7e psychologue qualifi\u00e9\u00b7e, un diagnostic ou un traitement. Les messages envoy\u00e9s via le formulaire de contact ne garantissent pas une r\u00e9ponse imm\u00e9diate. En cas de situation urgente ou de crise, veuillez contacter les services d\u2019aide appropri\u00e9s mentionn\u00e9s en bas de page.<\/p>\t\t\t\t\t\t\t\t<\/div>\n\t\t\t\t<\/div>\n\t\t\t\t<div class=\"elementor-element elementor-element-ba8346d elementor-widget__width-initial elementor-widget elementor-widget-text-editor\" data-id=\"ba8346d\" data-element_type=\"widget\" data-widget_type=\"text-editor.default\">\n\t\t\t\t<div class=\"elementor-widget-container\">\n\t\t\t\t\t\t\t\t\t<p>Aviso legal<\/p><p>\u00daltima actualizaci\u00f3n: noviembre de 2025<\/p><p>Este sitio web es editado por Gala Vandekerkove, psic\u00f3loga cl\u00ednica reconocida por la Comisi\u00f3n de Psic\u00f3logos (B\u00e9lgica) \u2013 n\u00famero de registro: 962232170.<br \/>Estatus: profesional independiente (persona f\u00edsica).<br \/>Domicilio profesional: Rue G\u00e9n\u00e9ral Tombeur 81 \/ Caja 23B \u2013 1040 Etterbeek, B\u00e9lgica.<br \/>N\u00famero de empresa: 1014.230.020.<\/p><p>La directora de la publicaci\u00f3n es Gala Vandekerkove.<\/p><p>Este sitio web est\u00e1 alojado por HOSTINGER, 10 Corporate Drive, Burlington, MA 01803, Estados Unidos.<br \/>Correo electr\u00f3nico: support@hostinger.com<br \/>Sitio web: <a href=\"https:\/\/www.hostinger.com\" target=\"_blank\" rel=\"noopener\">https:\/\/www.hostinger.com<\/a><\/p><p>Para cualquier pregunta relacionada con este sitio o su contenido: galavandekerkove@hotmail.com<\/p><p>El sitio y todo su contenido (textos, im\u00e1genes, gr\u00e1ficos, iconos, logotipos, marcas, sonidos, v\u00eddeos, conocimientos t\u00e9cnicos, compilaciones de datos, software) son propiedad de Gala Vandekerkove o se utilizan con la correspondiente autorizaci\u00f3n.<br \/>Cualquier reproducci\u00f3n, imitaci\u00f3n o utilizaci\u00f3n, total o parcial, no expresamente autorizada, est\u00e1 prohibida y ser\u00e1 responsabilidad de quien la realice.<br \/>Los contenidos est\u00e1n protegidos por la legislaci\u00f3n sobre derechos de autor, propiedad intelectual, marcas comerciales y tratados internacionales, as\u00ed como por las leyes nacionales vigentes.<\/p><p>Los datos personales recogidos en este sitio (formulario de contacto, correo electr\u00f3nico, etc.) se utilizan \u00fanicamente para responder a las solicitudes enviadas a Gala Vandekerkove.<br \/>Nunca se comunican a terceros sin su consentimiento.<br \/>De conformidad con el Reglamento (UE) 2016\/679 (RGPD), usted tiene derecho de acceso, rectificaci\u00f3n y eliminaci\u00f3n de sus datos personales.<br \/>Para ejercer estos derechos, puede escribir a la direcci\u00f3n mencionada anteriormente.<\/p><p>Algunos enlaces pueden dirigir hacia otros sitios web con fines informativos. Gala Vandekerkove no se hace responsable del contenido ni del funcionamiento de dichos sitios de terceros.<\/p><p>Este sitio tiene como finalidad compartir informaci\u00f3n general sobre la pr\u00e1ctica psicol\u00f3gica.<br \/>No sustituye en ning\u00fan caso una consulta individual con un\u00b7a psic\u00f3logo\u00b7a cualificado\u00b7a, un diagn\u00f3stico ni un tratamiento.<br \/>Los mensajes enviados a trav\u00e9s del formulario de contacto no garantizan una respuesta inmediata.<br \/>En caso de situaci\u00f3n urgente o de crisis, comun\u00edquese con los servicios de ayuda apropiados mencionados al pie de p\u00e1gina.<\/p>\t\t\t\t\t\t\t\t<\/div>\n\t\t\t\t<\/div>\n\t\t\t\t<div class=\"elementor-element elementor-element-34c6846 elementor-widget elementor-widget-spacer\" data-id=\"34c6846\" data-element_type=\"widget\" data-widget_type=\"spacer.default\">\n\t\t\t\t<div class=\"elementor-widget-container\">\n\t\t\t\t\t\t\t<div class=\"elementor-spacer\">\n\t\t\t<div class=\"elementor-spacer-inner\"><\/div>\n\t\t<\/div>\n\t\t\t\t\t\t<\/div>\n\t\t\t\t<\/div>\n\t\t\t\t<div class=\"elementor-element elementor-element-826dace elementor-align-left elementor-mobile-align-center elementor-tablet-align-center elementor-widget-tablet__width-initial elementor-widget elementor-widget-button\" data-id=\"826dace\" data-element_type=\"widget\" data-widget_type=\"button.default\">\n\t\t\t\t<div class=\"elementor-widget-container\">\n\t\t\t\t\t\t\t\t\t<div class=\"elementor-button-wrapper\">\n\t\t\t\t\t<a class=\"elementor-button elementor-button-link elementor-size-sm\" href=\"https:\/\/galavandekerkove.com\/es\/\">\n\t\t\t\t\t\t<span class=\"elementor-button-content-wrapper\">\n\t\t\t\t\t\t\t\t\t<span class=\"elementor-button-text\">Volver a Inicio<\/span>\n\t\t\t\t\t<\/span>\n\t\t\t\t\t<\/a>\n\t\t\t\t<\/div>\n\t\t\t\t\t\t\t\t<\/div>\n\t\t\t\t<\/div>\n\t\t\t\t<div class=\"elementor-element elementor-element-46e3143 elementor-widget elementor-widget-spacer\" data-id=\"46e3143\" data-element_type=\"widget\" data-widget_type=\"spacer.default\">\n\t\t\t\t<div class=\"elementor-widget-container\">\n\t\t\t\t\t\t\t<div class=\"elementor-spacer\">\n\t\t\t<div class=\"elementor-spacer-inner\"><\/div>\n\t\t<\/div>\n\t\t\t\t\t\t<\/div>\n\t\t\t\t<\/div>\n\t\t\t\t<\/div>\n\t\t\t\t<\/div>\n\t\t\t\t\t<\/div>\n\t\t\t\t<\/div>\n\t\t<div class=\"elementor-element elementor-element-9c62fac e-flex e-con-boxed e-con e-parent\" data-id=\"9c62fac\" data-element_type=\"container\">\n\t\t\t\t\t<div class=\"e-con-inner\">\n\t\t\t\t<div class=\"elementor-element elementor-element-c12224e elementor-widget-divider--view-line elementor-widget elementor-widget-divider\" data-id=\"c12224e\" data-element_type=\"widget\" data-widget_type=\"divider.default\">\n\t\t\t\t<div class=\"elementor-widget-container\">\n\t\t\t\t\t\t\t<div class=\"elementor-divider\">\n\t\t\t<span class=\"elementor-divider-separator\">\n\t\t\t\t\t\t<\/span>\n\t\t<\/div>\n\t\t\t\t\t\t<\/div>\n\t\t\t\t<\/div>\n\t\t\t\t\t<\/div>\n\t\t\t\t<\/div>\n\t\t<div class=\"elementor-element elementor-element-c0811de e-flex e-con-boxed e-con e-parent\" data-id=\"c0811de\" data-element_type=\"container\">\n\t\t\t\t\t<div class=\"e-con-inner\">\n\t\t<div class=\"elementor-element elementor-element-34b4287 e-con-full e-flex e-con e-child\" data-id=\"34b4287\" data-element_type=\"container\">\n\t\t<footer class=\"elementor-element elementor-element-1e13a9c e-con-full e-flex e-con e-child\" data-id=\"1e13a9c\" data-element_type=\"container\">\n\t\t<div class=\"elementor-element elementor-element-ea79958 e-con-full e-flex e-con e-child\" data-id=\"ea79958\" data-element_type=\"container\">\n\t\t\t\t<div class=\"elementor-element elementor-element-c1bbe66 elementor-widget__width-initial elementor-widget elementor-widget-text-editor\" data-id=\"c1bbe66\" data-element_type=\"widget\" data-widget_type=\"text-editor.default\">\n\t\t\t\t<div class=\"elementor-widget-container\">\n\t\t\t\t\t\t\t\t\t<div><div><div><span style=\"color: #808080;\"><strong>N\u00fameros de ayuda en B\u00e9lgica\u00a0<\/strong><\/span><\/div><div dir=\"auto\"><span style=\"color: #808080;\">Urgencias m\u00e9dicas : <b>112<\/b><\/span><\/div><div dir=\"auto\"><span style=\"color: #808080;\">Centro de Prevenci\u00f3n del Suicidio: <b>0800 32123<\/b><\/span><\/div><div><span style=\"color: #808080;\">T\u00e9l\u00e9 Acogida: <b>107<\/b><\/span><\/div><div><span style=\"color: #808080;\">Escucha violencia de pareja: <strong>0800 30030<\/strong><\/span><br \/><span style=\"color: #808080;\">Polic\u00eda:<strong> 101<\/strong><\/span><\/div><\/div><\/div>\t\t\t\t\t\t\t\t<\/div>\n\t\t\t\t<\/div>\n\t\t\t\t<div class=\"elementor-element elementor-element-9949f56 elementor-widget elementor-widget-spacer\" data-id=\"9949f56\" data-element_type=\"widget\" data-widget_type=\"spacer.default\">\n\t\t\t\t<div class=\"elementor-widget-container\">\n\t\t\t\t\t\t\t<div class=\"elementor-spacer\">\n\t\t\t<div class=\"elementor-spacer-inner\"><\/div>\n\t\t<\/div>\n\t\t\t\t\t\t<\/div>\n\t\t\t\t<\/div>\n\t\t\t\t<div class=\"elementor-element elementor-element-23eca6f elementor-widget elementor-widget-spacer\" data-id=\"23eca6f\" data-element_type=\"widget\" data-widget_type=\"spacer.default\">\n\t\t\t\t<div class=\"elementor-widget-container\">\n\t\t\t\t\t\t\t<div class=\"elementor-spacer\">\n\t\t\t<div class=\"elementor-spacer-inner\"><\/div>\n\t\t<\/div>\n\t\t\t\t\t\t<\/div>\n\t\t\t\t<\/div>\n\t\t\t\t<\/div>\n\t\t<div class=\"elementor-element elementor-element-e76e62b e-con-full e-flex e-con e-child\" data-id=\"e76e62b\" data-element_type=\"container\">\n\t\t\t\t<div class=\"elementor-element elementor-element-bb4552f elementor-widget__width-initial elementor-widget elementor-widget-text-editor\" data-id=\"bb4552f\" data-element_type=\"widget\" data-widget_type=\"text-editor.default\">\n\t\t\t\t<div class=\"elementor-widget-container\">\n\t\t\t\t\t\t\t\t\t<div>\n<div><span style=\"color: #808080;\"><strong>N\u00fameros de ayuda en Espa\u00f1a&nbsp;<\/strong><\/span><\/div>\n<div dir=\"auto\"><span style=\"color: #808080;\">Urgencias m\u00e9dicas : <b>112<\/b><\/span><\/div>\n<div dir=\"auto\"><span style=\"color: #808080;\">L\u00ednea de asistencia para conductas suicidas:&nbsp;<b>024<\/b><\/span><\/div>\n<\/div>\n<div>&nbsp;<\/div>\t\t\t\t\t\t\t\t<\/div>\n\t\t\t\t<\/div>\n\t\t\t\t<\/div>\n\t\t\t\t<\/footer>\n\t\t\t\t<\/div>\n\t\t\t\t\t<\/div>\n\t\t\t\t<\/div>\n\t\t<div class=\"elementor-element elementor-element-f14cba2 e-flex e-con-boxed e-con e-parent\" data-id=\"f14cba2\" data-element_type=\"container\">\n\t\t\t\t\t<div class=\"e-con-inner\">\n\t\t<div class=\"elementor-element elementor-element-78d2452 e-con-full e-flex e-con e-child\" data-id=\"78d2452\" data-element_type=\"container\">\n\t\t<footer class=\"elementor-element elementor-element-4a95f45 e-con-full e-flex e-con e-child\" data-id=\"4a95f45\" data-element_type=\"container\">\n\t\t<div class=\"elementor-element elementor-element-dca10dd e-con-full e-flex e-con e-child\" data-id=\"dca10dd\" data-element_type=\"container\">\n\t\t\t\t<div class=\"elementor-element elementor-element-451c35a elementor-widget-tablet__width-initial elementor-widget__width-auto elementor-widget elementor-widget-image\" data-id=\"451c35a\" data-element_type=\"widget\" data-widget_type=\"image.default\">\n\t\t\t\t<div class=\"elementor-widget-container\">\n\t\t\t\t\t\t\t\t\t\t\t\t\t\t\t<img decoding=\"async\" width=\"200\" height=\"200\" src=\"https:\/\/galavandekerkove.com\/wp-content\/uploads\/2024\/08\/d79391162e1e45c19f79fbe614887a0c-free.png\" class=\"attachment-full size-full wp-image-1859\" alt=\"\" srcset=\"https:\/\/galavandekerkove.com\/wp-content\/uploads\/2024\/08\/d79391162e1e45c19f79fbe614887a0c-free.png 200w, https:\/\/galavandekerkove.com\/wp-content\/uploads\/2024\/08\/d79391162e1e45c19f79fbe614887a0c-free-150x150.png 150w\" sizes=\"(max-width: 200px) 100vw, 200px\" \/>\t\t\t\t\t\t\t\t\t\t\t\t\t\t\t<\/div>\n\t\t\t\t<\/div>\n\t\t\t\t<\/div>\n\t\t<div class=\"elementor-element elementor-element-5824fd8 e-con-full e-flex e-con e-child\" data-id=\"5824fd8\" data-element_type=\"container\">\n\t\t\t\t<div class=\"elementor-element elementor-element-68413ce elementor-tablet-align-center elementor-align-center elementor-icon-list--layout-inline elementor-mobile-align-center elementor-list-item-link-full_width elementor-widget elementor-widget-icon-list\" data-id=\"68413ce\" data-element_type=\"widget\" data-widget_type=\"icon-list.default\">\n\t\t\t\t<div class=\"elementor-widget-container\">\n\t\t\t\t\t\t\t<ul class=\"elementor-icon-list-items elementor-inline-items\">\n\t\t\t\t\t\t\t<li class=\"elementor-icon-list-item elementor-inline-item\">\n\t\t\t\t\t\t\t\t\t\t<span class=\"elementor-icon-list-text\">Gala Vandekerkove<\/span>\n\t\t\t\t\t\t\t\t\t<\/li>\n\t\t\t\t\t\t\t\t<li class=\"elementor-icon-list-item elementor-inline-item\">\n\t\t\t\t\t\t\t\t\t\t<span class=\"elementor-icon-list-text\">Psic\u00f3loga cl\u00ednica y psicoterapeuta (enfoque integrativo) <\/span>\n\t\t\t\t\t\t\t\t\t<\/li>\n\t\t\t\t\t\t\t\t<li class=\"elementor-icon-list-item elementor-inline-item\">\n\t\t\t\t\t\t\t\t\t\t<span class=\"elementor-icon-list-text\">+32 496 300 065<\/span>\n\t\t\t\t\t\t\t\t\t<\/li>\n\t\t\t\t\t\t\t\t<li class=\"elementor-icon-list-item elementor-inline-item\">\n\t\t\t\t\t\t\t\t\t\t<span class=\"elementor-icon-list-text\">galavandekerkove@hotmail.com<\/span>\n\t\t\t\t\t\t\t\t\t<\/li>\n\t\t\t\t\t\t\t\t<li class=\"elementor-icon-list-item elementor-inline-item\">\n\t\t\t\t\t\t\t\t\t\t<span class=\"elementor-icon-list-text\">Comisi\u00f3n de Psic\u00f3logos de B\u00e9lgica \u2013 n.\u00ba 962232170<\/span>\n\t\t\t\t\t\t\t\t\t<\/li>\n\t\t\t\t\t\t<\/ul>\n\t\t\t\t\t\t<\/div>\n\t\t\t\t<\/div>\n\t\t\t\t<\/div>\n\t\t\t\t<\/footer>\n\t\t\t\t<\/div>\n\t\t\t\t\t<\/div>\n\t\t\t\t<\/div>\n\t\t<div class=\"elementor-element elementor-element-43f0b63 e-flex e-con-boxed e-con e-parent\" data-id=\"43f0b63\" data-element_type=\"container\">\n\t\t\t\t\t<div class=\"e-con-inner\">\n\t\t<div class=\"elementor-element elementor-element-5b86c28 e-con-full e-flex e-con e-child\" data-id=\"5b86c28\" data-element_type=\"container\">\n\t\t<div class=\"elementor-element elementor-element-3080546 e-con-full e-flex e-con e-child\" data-id=\"3080546\" data-element_type=\"container\">\n\t\t<div class=\"elementor-element elementor-element-d2f41af e-con-full e-flex e-con e-child\" data-id=\"d2f41af\" data-element_type=\"container\">\n\t\t<div class=\"elementor-element elementor-element-eb79abd e-con-full e-flex e-con e-child\" data-id=\"eb79abd\" data-element_type=\"container\">\n\t\t\t\t<div class=\"elementor-element elementor-element-7631409 elementor-widget elementor-widget-text-editor\" data-id=\"7631409\" data-element_type=\"widget\" data-widget_type=\"text-editor.default\">\n\t\t\t\t<div class=\"elementor-widget-container\">\n\t\t\t\t\t\t\t\t\t<p><span style=\"text-decoration: underline;\"><a href=\"https:\/\/galavandekerkove.com\/wp-content\/uploads\/2025\/11\/Mentions-legales-2-1.pdf\" target=\"_blank\" rel=\"noopener\">Aviso legal<\/a><\/span><\/p>\t\t\t\t\t\t\t\t<\/div>\n\t\t\t\t<\/div>\n\t\t\t\t<\/div>\n\t\t<div class=\"elementor-element elementor-element-51b82d9 e-con-full e-flex e-con e-child\" data-id=\"51b82d9\" data-element_type=\"container\">\n\t\t\t\t<div class=\"elementor-element elementor-element-ccf1ebd elementor-widget elementor-widget-text-editor\" data-id=\"ccf1ebd\" data-element_type=\"widget\" data-widget_type=\"text-editor.default\">\n\t\t\t\t<div class=\"elementor-widget-container\">\n\t\t\t\t\t\t\t\t\t<p><span style=\"text-decoration: underline;\"><a href=\"https:\/\/galavandekerkove.com\/wp-content\/uploads\/2025\/11\/Politique-de-confidentialite-et-de-cookies-2-1.pdf\" target=\"_blank\" rel=\"noopener\">Pol\u00edtica de privacidad y cookies<\/a><\/span><\/p>\t\t\t\t\t\t\t\t<\/div>\n\t\t\t\t<\/div>\n\t\t\t\t<\/div>\n\t\t\t\t<\/div>\n\t\t\t\t<\/div>\n\t\t\t\t<\/div>\n\t\t\t\t\t<\/div>\n\t\t\t\t<\/div>\n\t\t\t\t<\/div>","protected":false},"excerpt":{"rendered":"<p>Mentions l\u00e9gales Derni\u00e8re mise \u00e0 jour : novembre 2025 Ce site internet est \u00e9dit\u00e9 par Gala Vandekerkove, psychologue clinicienne agr\u00e9\u00e9e par la Commission des Psychologues (Belgique) \u2013 num\u00e9ro d\u2019inscription : 962232170. Statut : ind\u00e9pendante en personne physique. Si\u00e8ge professionnel : Rue G\u00e9n\u00e9ral Tombeur 81 \/ Bo\u00eete 23B \u2013 1040 Etterbeek, Belgique. Num\u00e9ro d\u2019entreprise : 1014.230.020. [&hellip;]<\/p>","protected":false},"author":1,"featured_media":0,"parent":0,"menu_order":0,"comment_status":"closed","ping_status":"closed","template":"","meta":{"_uag_custom_page_level_css":"","site-sidebar-layout":"no-sidebar","site-content-layout":"page-builder","ast-site-content-layout":"full-width-container","site-content-style":"default","site-sidebar-style":"default","ast-global-header-display":"","ast-banner-title-visibility":"","ast-main-header-display":"","ast-hfb-above-header-display":"","ast-hfb-below-header-display":"","ast-hfb-mobile-header-display":"","site-post-title":"disabled","ast-breadcrumbs-content":"","ast-featured-img":"disabled","footer-sml-layout":"","theme-transparent-header-meta":"","adv-header-id-meta":"","stick-header-meta":"","header-above-stick-meta":"","header-main-stick-meta":"","header-below-stick-meta":"","astra-migrate-meta-layouts":"set","ast-page-background-enabled":"default","ast-page-background-meta":{"desktop":{"background-color":"","background-image":"","background-repeat":"repeat","background-position":"center center","background-size":"auto","background-attachment":"scroll","background-type":"","background-media":"","overlay-type":"","overlay-color":"","overlay-opacity":"","overlay-gradient":""},"tablet":{"background-color":"","background-image":"","background-repeat":"repeat","background-position":"center center","background-size":"auto","background-attachment":"scroll","background-type":"","background-media":"","overlay-type":"","overlay-color":"","overlay-opacity":"","overlay-gradient":""},"mobile":{"background-color":"","background-image":"","background-repeat":"repeat","background-position":"center center","background-size":"auto","background-attachment":"scroll","background-type":"","background-media":"","overlay-type":"","overlay-color":"","overlay-opacity":"","overlay-gradient":""}},"ast-content-background-meta":{"desktop":{"background-color":"var(--ast-global-color-5)","background-image":"","background-repeat":"repeat","background-position":"center center","background-size":"auto","background-attachment":"scroll","background-type":"","background-media":"","overlay-type":"","overlay-color":"","overlay-opacity":"","overlay-gradient":""},"tablet":{"background-color":"var(--ast-global-color-5)","background-image":"","background-repeat":"repeat","background-position":"center center","background-size":"auto","background-attachment":"scroll","background-type":"","background-media":"","overlay-type":"","overlay-color":"","overlay-opacity":"","overlay-gradient":""},"mobile":{"background-color":"var(--ast-global-color-5)","background-image":"","background-repeat":"repeat","background-position":"center center","background-size":"auto","background-attachment":"scroll","background-type":"","background-media":"","overlay-type":"","overlay-color":"","overlay-opacity":"","overlay-gradient":""}},"footnotes":""},"class_list":["post-4667","page","type-page","status-publish","hentry"],"uagb_featured_image_src":{"full":false,"thumbnail":false,"medium":false,"medium_large":false,"large":false,"1536x1536":false,"2048x2048":false,"trp-custom-language-flag":false},"uagb_author_info":{"display_name":"Gala","author_link":"https:\/\/galavandekerkove.com\/es\/author\/galavandekerkovegmail-com\/"},"uagb_comment_info":0,"uagb_excerpt":"Mentions l\u00e9gales Derni\u00e8re mise \u00e0 jour : novembre 2025 Ce site internet est \u00e9dit\u00e9 par Gala Vandekerkove, psychologue clinicienne agr\u00e9\u00e9e par la Commission des Psychologues (Belgique) \u2013 num\u00e9ro d\u2019inscription : 962232170. Statut : ind\u00e9pendante en personne physique. Si\u00e8ge professionnel : Rue G\u00e9n\u00e9ral Tombeur 81 \/ Bo\u00eete 23B \u2013 1040 Etterbeek, Belgique. Num\u00e9ro d\u2019entreprise : 1014.230.020.&hellip;","_links":{"self":[{"href":"https:\/\/galavandekerkove.com\/es\/wp-json\/wp\/v2\/pages\/4667"}],"collection":[{"href":"https:\/\/galavandekerkove.com\/es\/wp-json\/wp\/v2\/pages"}],"about":[{"href":"https:\/\/galavandekerkove.com\/es\/wp-json\/wp\/v2\/types\/page"}],"author":[{"embeddable":true,"href":"https:\/\/galavandekerkove.com\/es\/wp-json\/wp\/v2\/users\/1"}],"replies":[{"embeddable":true,"href":"https:\/\/galavandekerkove.com\/es\/wp-json\/wp\/v2\/comments?post=4667"}],"version-history":[{"count":171,"href":"https:\/\/galavandekerkove.com\/es\/wp-json\/wp\/v2\/pages\/4667\/revisions"}],"predecessor-version":[{"id":13485,"href":"https:\/\/galavandekerkove.com\/es\/wp-json\/wp\/v2\/pages\/4667\/revisions\/13485"}],"wp:attachment":[{"href":"https:\/\/galavandekerkove.com\/es\/wp-json\/wp\/v2\/media?parent=4667"}],"curies":[{"name":"wp","href":"https:\/\/api.w.org\/{rel}","templated":true}]}}